{"id":1585,"date":"2024-03-04T21:09:21","date_gmt":"2024-03-04T20:09:21","guid":{"rendered":"https:\/\/azzdincuvelier.com\/?page_id=1585"},"modified":"2025-10-13T10:42:41","modified_gmt":"2025-10-13T08:42:41","slug":"mariage","status":"publish","type":"page","link":"https:\/\/azzdincuvelier.com\/en\/mariage\/","title":{"rendered":"Photo de Mariage"},"content":{"rendered":"<div data-elementor-type=\"wp-page\" data-elementor-id=\"1585\" class=\"elementor elementor-1585\">\n\t\t\t\t<div class=\"elementor-element elementor-element-759280eb e-flex e-con-boxed e-con e-parent\" data-id=\"759280eb\" data-element_type=\"container\" data-e-type=\"container\">\n\t\t\t\t\t<div class=\"e-con-inner\">\n\t\t\t\t<div class=\"elementor-element elementor-element-7424889c elementor-widget elementor-widget-heading\" data-id=\"7424889c\" data-element_type=\"widget\" data-e-type=\"widget\" data-widget_type=\"heading.default\">\n\t\t\t\t<div class=\"elementor-widget-container\">\n\t\t\t\t\t<h2 class=\"elementor-heading-title elementor-size-default\">Wedding photography <\/h2>\t\t\t\t<\/div>\n\t\t\t\t<\/div>\n\t\t\t\t<div class=\"elementor-element elementor-element-68b310fc elementor-widget elementor-widget-ucaddon_uc_tiles_columns_image\" data-id=\"68b310fc\" data-element_type=\"widget\" data-e-type=\"widget\" data-widget_type=\"ucaddon_uc_tiles_columns_image.default\">\n\t\t\t\t<div class=\"elementor-widget-container\">\n\t\t\t\t\t\n<!-- start Masonry Gallery -->\n\t\t<link id='unitegallery-css' href='https:\/\/azzdincuvelier.com\/wp-content\/plugins\/unlimited-elements-for-elementor-premium\/assets_libraries\/unitegallery\/css\/unite-gallery.css' type='text\/css' rel='stylesheet' >\n\t\t<link id='uc_ac_assets_file_uc_columns_unite_gallery_css_37416-css' href='https:\/\/azzdincuvelier.com\/wp-content\/uploads\/ac_assets\/uc_tiles_columns_image\/uc-columns-unite-gallery.css' type='text\/css' rel='stylesheet' >\n\n<style>\/* widget: Masonry Gallery *\/\n\n\n#wrapperuc_uc_tiles_columns_image_elementor_68b310fc\n{\n  min-height:1px;\n}\n\n<\/style>\n\n<div id=\"wrapperuc_uc_tiles_columns_image_elementor_68b310fc\">\n<div id=\"uc_uc_tiles_columns_image_elementor_68b310fc\" style=\"display:none;\" class=\"uc-items-wrapper\" data-custom-sethtml=\"true\" >\n\n\n<img decoding=\"async\" alt=\"Photographe de mariage  Lille\"\n   src=\"https:\/\/azzdincuvelier.com\/wp-content\/uploads\/2024\/02\/azzdincuvelier.com-40_resultat-2-768x512.webp\"\n    data-image=\"https:\/\/azzdincuvelier.com\/wp-content\/uploads\/2024\/02\/azzdincuvelier.com-40_resultat-2-1024x683.webp\"\n    data-title=\"Photographe de mariage  Lille\"\n    data-description=\"Photographie de Azzdin, Cuvelier, photographe de mariage professionnel\">\n\n<img decoding=\"async\" alt=\"Photographe de mariage  Lille\"\n   src=\"https:\/\/azzdincuvelier.com\/wp-content\/uploads\/2024\/02\/azzdincuvelier.com-107-768x1152.webp\"\n    data-image=\"https:\/\/azzdincuvelier.com\/wp-content\/uploads\/2024\/02\/azzdincuvelier.com-107-682x1024.webp\"\n    data-title=\"Photographe de mariage  Lille\"\n    data-description=\"Photographie de Azzdin, Cuvelier, photographe de mariage professionnel\">\n\n<img decoding=\"async\" alt=\"Photographe de mariage  Lille\"\n   src=\"https:\/\/azzdincuvelier.com\/wp-content\/uploads\/2024\/02\/azzdincuvelier.com-1_resultat-1-768x512.webp\"\n    data-image=\"https:\/\/azzdincuvelier.com\/wp-content\/uploads\/2024\/02\/azzdincuvelier.com-1_resultat-1-1024x683.webp\"\n    data-title=\"Photographe de mariage  Lille\"\n    data-description=\"Photographie de Azzdin, Cuvelier, photographe de mariage professionnel\">\n\n<img decoding=\"async\" alt=\"Photographe de mariage  Lille\"\n   src=\"https:\/\/azzdincuvelier.com\/wp-content\/uploads\/2024\/02\/AZZDINCUVELIER.COM-33_resultat-6-768x512.webp\"\n    data-image=\"https:\/\/azzdincuvelier.com\/wp-content\/uploads\/2024\/02\/AZZDINCUVELIER.COM-33_resultat-6-1024x683.webp\"\n    data-title=\"Photographe de mariage  Lille\"\n    data-description=\"Photographie de Azzdin, Cuvelier, photographe de mariage professionnel\">\n\n<img decoding=\"async\" alt=\"Photographe de mariage  Lille\"\n   src=\"https:\/\/azzdincuvelier.com\/wp-content\/uploads\/2024\/02\/AZZDINCUVELIER.COM-30_resultat-6-768x512.webp\"\n    data-image=\"https:\/\/azzdincuvelier.com\/wp-content\/uploads\/2024\/02\/AZZDINCUVELIER.COM-30_resultat-6-1024x683.webp\"\n    data-title=\"Photographe de mariage  Lille\"\n    data-description=\"Photographie de Azzdin, Cuvelier, photographe de mariage professionnel\">\n\n<img decoding=\"async\" alt=\"Photographe de mariage  Lille\"\n   src=\"https:\/\/azzdincuvelier.com\/wp-content\/uploads\/2024\/02\/azzdincuvelier.com-10-4-768x1152.webp\"\n    data-image=\"https:\/\/azzdincuvelier.com\/wp-content\/uploads\/2024\/02\/azzdincuvelier.com-10-4-683x1024.webp\"\n    data-title=\"Photographe de mariage  Lille\"\n    data-description=\"Photographie de Azzdin, Cuvelier, photographe de mariage professionnel\">\n\n<img decoding=\"async\" alt=\"Photographe de mariage  Lille\"\n   src=\"https:\/\/azzdincuvelier.com\/wp-content\/uploads\/2024\/02\/azzdincuvelier.com-65_resultat-1-768x512.webp\"\n    data-image=\"https:\/\/azzdincuvelier.com\/wp-content\/uploads\/2024\/02\/azzdincuvelier.com-65_resultat-1-1024x683.webp\"\n    data-title=\"Photographe de mariage  Lille\"\n    data-description=\"Photographie de Azzdin, Cuvelier, photographe de mariage professionnel\">\n\n<img decoding=\"async\" alt=\"Photographe de mariage  Lille\"\n   src=\"https:\/\/azzdincuvelier.com\/wp-content\/uploads\/2024\/02\/azzdincuvelier.com-3_resultat-1-768x512.webp\"\n    data-image=\"https:\/\/azzdincuvelier.com\/wp-content\/uploads\/2024\/02\/azzdincuvelier.com-3_resultat-1-1024x683.webp\"\n    data-title=\"Photographe de mariage  Lille\"\n    data-description=\"Photographie de Azzdin, Cuvelier, photographe de mariage professionnel\">\n\n<img decoding=\"async\" alt=\"Photographe de mariage  Lille\"\n   src=\"https:\/\/azzdincuvelier.com\/wp-content\/uploads\/2024\/02\/AZZDINCUVELIER.COM-68_resultat-768x512.webp\"\n    data-image=\"https:\/\/azzdincuvelier.com\/wp-content\/uploads\/2024\/02\/AZZDINCUVELIER.COM-68_resultat-1024x682.webp\"\n    data-title=\"Photographe de mariage  Lille\"\n    data-description=\"Photographie de Azzdin, Cuvelier, photographe de mariage professionnel\">\n\n<img decoding=\"async\" alt=\"Photographe de mariage  Lille\"\n   src=\"https:\/\/azzdincuvelier.com\/wp-content\/uploads\/2024\/02\/azzdincuvelier.com-102-768x1152.webp\"\n    data-image=\"https:\/\/azzdincuvelier.com\/wp-content\/uploads\/2024\/02\/azzdincuvelier.com-102-682x1024.webp\"\n    data-title=\"Photographe de mariage  Lille\"\n    data-description=\"Photographie de Azzdin, Cuvelier, photographe de mariage professionnel\">\n\n<img decoding=\"async\" alt=\"Photographe de mariage  Lille\"\n   src=\"https:\/\/azzdincuvelier.com\/wp-content\/uploads\/2024\/02\/azzdincuvelier.com-48_resultat-1-768x1152.webp\"\n    data-image=\"https:\/\/azzdincuvelier.com\/wp-content\/uploads\/2024\/02\/azzdincuvelier.com-48_resultat-1-683x1024.webp\"\n    data-title=\"Photographe de mariage  Lille\"\n    data-description=\"Photographie de Azzdin, Cuvelier, photographe de mariage professionnel\">\n\n<img decoding=\"async\" alt=\"Photographe de mariage  Lille\"\n   src=\"https:\/\/azzdincuvelier.com\/wp-content\/uploads\/2024\/02\/azzdincuvelier.com-95_resultat-2-768x512.webp\"\n    data-image=\"https:\/\/azzdincuvelier.com\/wp-content\/uploads\/2024\/02\/azzdincuvelier.com-95_resultat-2-1024x683.webp\"\n    data-title=\"Photographe de mariage  Lille\"\n    data-description=\"Photographie de Azzdin, Cuvelier, photographe de mariage professionnel\">\n\n<img decoding=\"async\" alt=\"Photographe de mariage  Lille\"\n   src=\"https:\/\/azzdincuvelier.com\/wp-content\/uploads\/2024\/02\/azzdincuvelier.com-106-1-768x1152.webp\"\n    data-image=\"https:\/\/azzdincuvelier.com\/wp-content\/uploads\/2024\/02\/azzdincuvelier.com-106-1-683x1024.webp\"\n    data-title=\"Photographe de mariage  Lille\"\n    data-description=\"Photographie de Azzdin, Cuvelier, photographe de mariage professionnel\">\n\n<img decoding=\"async\" alt=\"Photographe de mariage  Lille\"\n   src=\"https:\/\/azzdincuvelier.com\/wp-content\/uploads\/2024\/02\/azzdincuvelier.com-18_resultat-2-768x512.webp\"\n    data-image=\"https:\/\/azzdincuvelier.com\/wp-content\/uploads\/2024\/02\/azzdincuvelier.com-18_resultat-2-1024x683.webp\"\n    data-title=\"Photographe de mariage  Lille\"\n    data-description=\"Photographie de Azzdin, Cuvelier, photographe de mariage professionnel\">\n\n<img decoding=\"async\" alt=\"Photographe de mariage  Lille\"\n   src=\"https:\/\/azzdincuvelier.com\/wp-content\/uploads\/2024\/02\/azzdincuvelier.com-47-1-768x1152.webp\"\n    data-image=\"https:\/\/azzdincuvelier.com\/wp-content\/uploads\/2024\/02\/azzdincuvelier.com-47-1-683x1024.webp\"\n    data-title=\"Photographe de mariage  Lille\"\n    data-description=\"Photographie de Azzdin, Cuvelier, photographe de mariage professionnel\">\n\n<img decoding=\"async\" alt=\"Photographe de mariage  Lille\"\n   src=\"https:\/\/azzdincuvelier.com\/wp-content\/uploads\/2024\/02\/azzdincuvelier.com-55_resultat-1-768x1152.webp\"\n    data-image=\"https:\/\/azzdincuvelier.com\/wp-content\/uploads\/2024\/02\/azzdincuvelier.com-55_resultat-1-683x1024.webp\"\n    data-title=\"Photographe de mariage  Lille\"\n    data-description=\"Photographie de Azzdin, Cuvelier, photographe de mariage professionnel\">\n\n<img decoding=\"async\" alt=\"Photographe de mariage  Lille\"\n   src=\"https:\/\/azzdincuvelier.com\/wp-content\/uploads\/2024\/02\/AZZDINCUVELIER.COM-85_resultat-768x1152.webp\"\n    data-image=\"https:\/\/azzdincuvelier.com\/wp-content\/uploads\/2024\/02\/AZZDINCUVELIER.COM-85_resultat-682x1024.webp\"\n    data-title=\"Photographe de mariage  Lille\"\n    data-description=\"Photographie de Azzdin, Cuvelier, photographe de mariage professionnel\">\n\n<img decoding=\"async\" alt=\"Photographe de mariage  Lille\"\n   src=\"https:\/\/azzdincuvelier.com\/wp-content\/uploads\/2024\/02\/azzdincuvelier.com-105_resultat-768x512.webp\"\n    data-image=\"https:\/\/azzdincuvelier.com\/wp-content\/uploads\/2024\/02\/azzdincuvelier.com-105_resultat-1024x683.webp\"\n    data-title=\"Photographe de mariage  Lille\"\n    data-description=\"Photographie de Azzdin, Cuvelier, photographe de mariage professionnel\">\n\n<img decoding=\"async\" alt=\"Photographe de mariage  Lille\"\n   src=\"https:\/\/azzdincuvelier.com\/wp-content\/uploads\/2024\/02\/AZZDINCUVELIER.COM-105_resultat-2-768x512.webp\"\n    data-image=\"https:\/\/azzdincuvelier.com\/wp-content\/uploads\/2024\/02\/AZZDINCUVELIER.COM-105_resultat-2-1024x683.webp\"\n    data-title=\"Photographe de mariage  Lille\"\n    data-description=\"Photographie de Azzdin, Cuvelier, photographe de mariage professionnel\">\n\n<img decoding=\"async\" alt=\"Photographe de mariage  Lille\"\n   src=\"https:\/\/azzdincuvelier.com\/wp-content\/uploads\/2024\/02\/AZZDINCUVELIER.COM-95_resultat-768x512.webp\"\n    data-image=\"https:\/\/azzdincuvelier.com\/wp-content\/uploads\/2024\/02\/AZZDINCUVELIER.COM-95_resultat-1024x682.webp\"\n    data-title=\"Photographe de mariage  Lille\"\n    data-description=\"Photographie de Azzdin, Cuvelier, photographe de mariage professionnel\">\n\n<img decoding=\"async\" alt=\"Photographe de mariage  Lille\"\n   src=\"https:\/\/azzdincuvelier.com\/wp-content\/uploads\/2024\/02\/AZZDINCUVELIER.COM-84_resultat-768x1152.webp\"\n    data-image=\"https:\/\/azzdincuvelier.com\/wp-content\/uploads\/2024\/02\/AZZDINCUVELIER.COM-84_resultat-682x1024.webp\"\n    data-title=\"Photographe de mariage  Lille\"\n    data-description=\"Photographie de Azzdin, Cuvelier, photographe de mariage professionnel\">\n\n<img decoding=\"async\" alt=\"Photographe de mariage  Lille\"\n   src=\"https:\/\/azzdincuvelier.com\/wp-content\/uploads\/2024\/02\/azzdincuvelier.com-102_resultat-1-768x1152.webp\"\n    data-image=\"https:\/\/azzdincuvelier.com\/wp-content\/uploads\/2024\/02\/azzdincuvelier.com-102_resultat-1-683x1024.webp\"\n    data-title=\"Photographe de mariage  Lille\"\n    data-description=\"Photographie de Azzdin, Cuvelier, photographe de mariage professionnel\">\n\n<img decoding=\"async\" alt=\"Photographe de mariage  Lille\"\n   src=\"https:\/\/azzdincuvelier.com\/wp-content\/uploads\/2024\/02\/AZZDINCUVELIER.COM-65_resultat-4-768x1152.webp\"\n    data-image=\"https:\/\/azzdincuvelier.com\/wp-content\/uploads\/2024\/02\/AZZDINCUVELIER.COM-65_resultat-4-683x1024.webp\"\n    data-title=\"Photographe de mariage  Lille\"\n    data-description=\"Photographie de Azzdin, Cuvelier, photographe de mariage professionnel\">\n\n<img decoding=\"async\" alt=\"Photographe de mariage  Lille\"\n   src=\"https:\/\/azzdincuvelier.com\/wp-content\/uploads\/2024\/02\/azzdincuvelier.com-80-1-768x1152.webp\"\n    data-image=\"https:\/\/azzdincuvelier.com\/wp-content\/uploads\/2024\/02\/azzdincuvelier.com-80-1-683x1024.webp\"\n    data-title=\"Photographe de mariage  Lille\"\n    data-description=\"Photographie de Azzdin, Cuvelier, photographe de mariage professionnel\">\n\n  \n<\/div>\n<\/div>\n<!-- end Masonry Gallery -->\t\t\t\t<\/div>\n\t\t\t\t<\/div>\n\t\t\t\t\t<\/div>\n\t\t\t\t<\/div>\n\t\t<div class=\"elementor-element elementor-element-770fcecb e-flex e-con-boxed e-con e-parent\" data-id=\"770fcecb\" data-element_type=\"container\" data-e-type=\"container\">\n\t\t\t\t\t<div class=\"e-con-inner\">\n\t\t\t\t<div class=\"elementor-element elementor-element-00907bb elementor-widget elementor-widget-heading\" data-id=\"00907bb\" data-element_type=\"widget\" data-e-type=\"widget\" data-widget_type=\"heading.default\">\n\t\t\t\t<div class=\"elementor-widget-container\">\n\t\t\t\t\t<h2 class=\"elementor-heading-title elementor-size-default\">Capture your union with elegance. Book now for an unforgettable wedding.<\/h2>\t\t\t\t<\/div>\n\t\t\t\t<\/div>\n\t\t\t\t\t<\/div>\n\t\t\t\t<\/div>\n\t\t<div class=\"elementor-element elementor-element-4015a702 e-flex e-con-boxed e-con e-parent\" data-id=\"4015a702\" data-element_type=\"container\" data-e-type=\"container\">\n\t\t\t\t\t<div class=\"e-con-inner\">\n\t\t\t\t<div class=\"elementor-element elementor-element-75f4d3f4 elementor-align-right elementor-widget elementor-widget-button\" data-id=\"75f4d3f4\" data-element_type=\"widget\" data-e-type=\"widget\" data-widget_type=\"button.default\">\n\t\t\t\t<div class=\"elementor-widget-container\">\n\t\t\t\t\t\t\t\t\t<div class=\"elementor-button-wrapper\">\n\t\t\t\t\t<a class=\"elementor-button elementor-button-link elementor-size-sm\" href=\"https:\/\/azzdincuvelier.com\/en\/reservation\/\">\n\t\t\t\t\t\t<span class=\"elementor-button-content-wrapper\">\n\t\t\t\t\t\t<span class=\"elementor-button-icon\">\n\t\t\t\t<svg aria-hidden=\"true\" class=\"e-font-icon-svg e-fas-camera-retro\" viewbox=\"0 0 512 512\" xmlns=\"http:\/\/www.w3.org\/2000\/svg\"><path d=\"M48 32C21.5 32 0 53.5 0 80v352c0 26.5 21.5 48 48 48h416c26.5 0 48-21.5 48-48V80c0-26.5-21.5-48-48-48H48zm0 32h106c3.3 0 6 2.7 6 6v20c0 3.3-2.7 6-6 6H38c-3.3 0-6-2.7-6-6V80c0-8.8 7.2-16 16-16zm426 96H38c-3.3 0-6-2.7-6-6v-36c0-3.3 2.7-6 6-6h138l30.2-45.3c1.1-1.7 3-2.7 5-2.7H464c8.8 0 16 7.2 16 16v74c0 3.3-2.7 6-6 6zM256 424c-66.2 0-120-53.8-120-120s53.8-120 120-120 120 53.8 120 120-53.8 120-120 120zm0-208c-48.5 0-88 39.5-88 88s39.5 88 88 88 88-39.5 88-88-39.5-88-88-88zm-48 104c-8.8 0-16-7.2-16-16 0-35.3 28.7-64 64-64 8.8 0 16 7.2 16 16s-7.2 16-16 16c-17.6 0-32 14.4-32 32 0 8.8-7.2 16-16 16z\"><\/path><\/svg>\t\t\t<\/span>\n\t\t\t\t\t\t\t\t\t<span class=\"elementor-button-text\">Booking <\/span>\n\t\t\t\t\t<\/span>\n\t\t\t\t\t<\/a>\n\t\t\t\t<\/div>\n\t\t\t\t\t\t\t\t<\/div>\n\t\t\t\t<\/div>\n\t\t\t\t\t<\/div>\n\t\t\t\t<\/div>\n\t\t\t\t<\/div>","protected":false},"excerpt":{"rendered":"<p>Photos de mariage Immortalisez votre union avec \u00e9l\u00e9gance. R\u00e9servez d\u00e8s maintenant pour un mariage inoubliable. R\u00e9servation<\/p>","protected":false},"author":1,"featured_media":1030,"parent":0,"menu_order":0,"comment_status":"closed","ping_status":"closed","template":"","meta":{"site-sidebar-layout":"no-sidebar","site-content-layout":"","ast-site-content-layout":"full-width-container","site-content-style":"default","site-sidebar-style":"default","ast-global-header-display":"","ast-banner-title-visibility":"","ast-main-header-display":"","ast-hfb-above-header-display":"","ast-hfb-below-header-display":"","ast-hfb-mobile-header-display":"","site-post-title":"disabled","ast-breadcrumbs-content":"","ast-featured-img":"disabled","footer-sml-layout":"","ast-disable-related-posts":"","theme-transparent-header-meta":"","adv-header-id-meta":"","stick-header-meta":"","header-above-stick-meta":"","header-main-stick-meta":"","header-below-stick-meta":"","astra-migrate-meta-layouts":"default","ast-page-background-enabled":"default","ast-page-background-meta":{"desktop":{"background-color":"var(--ast-global-color-4)","background-image":"","background-repeat":"repeat","background-position":"center center","background-size":"auto","background-attachment":"scroll","background-type":"","background-media":"","overlay-type":"","overlay-color":"","overlay-opacity":"","overlay-gradient":""},"tablet":{"background-color":"","background-image":"","background-repeat":"repeat","background-position":"center center","background-size":"auto","background-attachment":"scroll","background-type":"","background-media":"","overlay-type":"","overlay-color":"","overlay-opacity":"","overlay-gradient":""},"mobile":{"background-color":"","background-image":"","background-repeat":"repeat","background-position":"center center","background-size":"auto","background-attachment":"scroll","background-type":"","background-media":"","overlay-type":"","overlay-color":"","overlay-opacity":"","overlay-gradient":""}},"ast-content-background-meta":{"desktop":{"background-color":"var(--ast-global-color-5)","background-image":"","background-repeat":"repeat","background-position":"center center","background-size":"auto","background-attachment":"scroll","background-type":"","background-media":"","overlay-type":"","overlay-color":"","overlay-opacity":"","overlay-gradient":""},"tablet":{"background-color":"var(--ast-global-color-5)","background-image":"","background-repeat":"repeat","background-position":"center center","background-size":"auto","background-attachment":"scroll","background-type":"","background-media":"","overlay-type":"","overlay-color":"","overlay-opacity":"","overlay-gradient":""},"mobile":{"background-color":"var(--ast-global-color-5)","background-image":"","background-repeat":"repeat","background-position":"center center","background-size":"auto","background-attachment":"scroll","background-type":"","background-media":"","overlay-type":"","overlay-color":"","overlay-opacity":"","overlay-gradient":""}},"_glsr_average":0,"_glsr_ranking":0,"_glsr_reviews":0,"footnotes":""},"class_list":["post-1585","page","type-page","status-publish","has-post-thumbnail","hentry"],"_links":{"self":[{"href":"https:\/\/azzdincuvelier.com\/en\/wp-json\/wp\/v2\/pages\/1585","targetHints":{"allow":["GET"]}}],"collection":[{"href":"https:\/\/azzdincuvelier.com\/en\/wp-json\/wp\/v2\/pages"}],"about":[{"href":"https:\/\/azzdincuvelier.com\/en\/wp-json\/wp\/v2\/types\/page"}],"author":[{"embeddable":true,"href":"https:\/\/azzdincuvelier.com\/en\/wp-json\/wp\/v2\/users\/1"}],"replies":[{"embeddable":true,"href":"https:\/\/azzdincuvelier.com\/en\/wp-json\/wp\/v2\/comments?post=1585"}],"version-history":[{"count":24,"href":"https:\/\/azzdincuvelier.com\/en\/wp-json\/wp\/v2\/pages\/1585\/revisions"}],"predecessor-version":[{"id":4071,"href":"https:\/\/azzdincuvelier.com\/en\/wp-json\/wp\/v2\/pages\/1585\/revisions\/4071"}],"wp:featuredmedia":[{"embeddable":true,"href":"https:\/\/azzdincuvelier.com\/en\/wp-json\/wp\/v2\/media\/1030"}],"wp:attachment":[{"href":"https:\/\/azzdincuvelier.com\/en\/wp-json\/wp\/v2\/media?parent=1585"}],"curies":[{"name":"wp","href":"https:\/\/api.w.org\/{rel}","templated":true}]}}