{"id":2417,"date":"2024-09-12T11:09:42","date_gmt":"2024-09-12T09:09:42","guid":{"rendered":"https:\/\/azzdincuvelier.com\/?page_id=2417"},"modified":"2024-10-31T19:36:03","modified_gmt":"2024-10-31T18:36:03","slug":"temoignages","status":"publish","type":"page","link":"https:\/\/azzdincuvelier.com\/en\/temoignages\/","title":{"rendered":"Testimonials"},"content":{"rendered":"\t\t<div data-elementor-type=\"wp-page\" data-elementor-id=\"2417\" class=\"elementor elementor-2417\">\n\t\t\t\t<div class=\"elementor-element elementor-element-a7401ed e-flex e-con-boxed e-con e-parent\" data-id=\"a7401ed\" data-element_type=\"container\" data-e-type=\"container\">\n\t\t\t\t\t<div class=\"e-con-inner\">\n\t\t\t\t<div class=\"elementor-element elementor-element-e489150 elementor-widget elementor-widget-heading\" data-id=\"e489150\" data-element_type=\"widget\" data-e-type=\"widget\" data-widget_type=\"heading.default\">\n\t\t\t\t<div class=\"elementor-widget-container\">\n\t\t\t\t\t<h2 class=\"elementor-heading-title elementor-size-default\">T\u00e9moignages<\/h2>\t\t\t\t<\/div>\n\t\t\t\t<\/div>\n\t\t\t\t<div class=\"elementor-element elementor-element-db2bae6 elementor-widget elementor-widget-spacer\" data-id=\"db2bae6\" data-element_type=\"widget\" data-e-type=\"widget\" data-widget_type=\"spacer.default\">\n\t\t\t\t<div class=\"elementor-widget-container\">\n\t\t\t\t\t\t\t<div class=\"elementor-spacer\">\n\t\t\t<div class=\"elementor-spacer-inner\"><\/div>\n\t\t<\/div>\n\t\t\t\t\t\t<\/div>\n\t\t\t\t<\/div>\n\t\t\t\t<div class=\"elementor-element elementor-element-5e240a7 elementor-button-align-stretch elementor-widget elementor-widget-site_reviews_form\" data-id=\"5e240a7\" data-element_type=\"widget\" data-e-type=\"widget\" data-widget_type=\"site_reviews_form.default\">\n\t\t\t\t<div class=\"elementor-widget-container\">\n\t\t\t\t\t<?xml encoding=\"utf-8\"?><div class=\"glsr-elementor-5e240a7 elementor-site-reviews-form\"><div class=\"glsr glsr-contact_form_7\" id=\"glsr_eoif4pag\" data-from=\"elementor\" data-shortcode=\"site_reviews_form\" data-assigned_posts=\"2417\" data-hide=\"rating,title\"><div class=\"wpcf7\">\n    <div class=\"glsr-form-wrap\">\n        <form class=\"glsr-form glsr-review-form wpcf7-form\" method=\"post\" enctype=\"multipart\/form-data\">\n            <input type=\"hidden\" name=\"site-reviews[_action]\" value=\"submit-review\">\n<input type=\"hidden\" name=\"site-reviews[_nonce]\" value=\"3e841a6c4b\">\n<input type=\"hidden\" name=\"site-reviews[_post_id]\" value=\"2417\">\n<input type=\"hidden\" name=\"site-reviews[_referer]\" value=\"\">\n<input type=\"hidden\" name=\"site-reviews[assigned_posts]\" value=\"2417\">\n<input type=\"hidden\" name=\"site-reviews[assigned_terms]\" value=\"\">\n<input type=\"hidden\" name=\"site-reviews[assigned_users]\" value=\"\">\n<input type=\"hidden\" name=\"site-reviews[excluded]\" value=\"rating, title\">\n<input type=\"hidden\" name=\"site-reviews[form_id]\" value=\"glsr_eoif4pag\">\n<input type=\"hidden\" name=\"site-reviews[form_signature]\" value=\"06maEcPHpRCg-wjuaL1YYbuO0C6V3z87mHn1CfmkhaPvo3BWEDTuDluoL0Cogk7dLGSfm9iZqjr7Nq8MZXGo2L6YpMi2j_LEpfskZQ0T2arO1ZL9uJf55zfAa5LIpUUpyEZGe7YkSJ7aTurbBdGP1Uuc6R4k9c1KAvJe75ZNSa4MbYewXdeC58VSg8yvBCn9LdsZlggwUmxQYW9jjBWxMJTZoDce9NGUpYvl2ebZGdk_SCm9-g2177YUAbAgM3XcfQcddNIOgahtwf0jsOtf0lNA4GFPLxzRti5rMR1B9vpZOdZ8kVLJ7GzUlWciCBF7ElI05WYwmgUzyAun8Lnv9cYSkK2Mb0OcOULW223CRefTM_Pw9fpqtj2mPCPrXDI7-A0KpHjBl-q7fVID4eiD1nE4KYZN2FFl4eDrmC3m-YEE1R2jMDv_5NAHj1bp78A7jAT9dpTxtPqYAJSld9g\">\n<input type=\"hidden\" name=\"site-reviews[terms_exist]\" value=\"1\">\n<div class=\"glsr-field\" style=\"display:none;\"><label for=\"site-reviews-bbed7790-glsr_eoif4pag\">Your review<\/label><input type=\"text\" class=\"glsr-input glsr-input-text\" id=\"site-reviews-bbed7790-glsr_eoif4pag\" name=\"site-reviews[bbed7790]\" value=\"\"><\/div>\n<p class=\"glsr-field glsr-field-textarea glsr-required\" data-field=\"content\">\n    <label for=\"glsr_eoif4pag-content\">\n        Your review<br>\n        <span class=\"wpcf7-form-control-wrap\">\n            <textarea class=\"glsr-textarea wpcf7-form-control wpcf7-textarea\" id=\"glsr_eoif4pag-content\" name=\"site-reviews[content]\" required placeholder=\"Tell people your review\" rows=\"5\"><\/textarea>\n            <span class=\"glsr-field-error wpcf7-not-valid-tip\"><\/span>\n        <\/span>\n    <\/label>\n<\/p>\n<p class=\"glsr-field glsr-field-text glsr-required\" data-field=\"name\">\n    <label for=\"glsr_eoif4pag-name\">\n        Your name<br>\n        <span class=\"wpcf7-form-control-wrap\">\n            <input type=\"text\" class=\"glsr-input glsr-input-text wpcf7-form-control\" id=\"glsr_eoif4pag-name\" name=\"site-reviews[name]\" required placeholder=\"Tell us your name\" value=\"\">\n            <span class=\"glsr-field-error wpcf7-not-valid-tip\"><\/span>\n        <\/span>\n    <\/label>\n<\/p>\n<p class=\"glsr-field glsr-field-email glsr-required\" data-field=\"email\">\n    <label for=\"glsr_eoif4pag-email\">\n        Your email<br>\n        <span class=\"wpcf7-form-control-wrap\">\n            <input type=\"email\" class=\"glsr-input glsr-input-email wpcf7-form-control\" id=\"glsr_eoif4pag-email\" name=\"site-reviews[email]\" required placeholder=\"Tell us your email\" value=\"\">\n            <span class=\"glsr-field-error wpcf7-not-valid-tip\"><\/span>\n        <\/span>\n    <\/label>\n<\/p>\n<p class=\"glsr-field glsr-field-choice glsr-required\" data-field=\"terms\">\n    \n    <span class=\"glsr-field-toggle\">\n    <span>\n        <span class=\"glsr-toggle\"><input type=\"checkbox\" class=\"glsr-input-toggle\" id=\"glsr_eoif4pag-terms-1\" name=\"site-reviews[terms]\" required value=\"1\"><span class=\"glsr-toggle-track\"><\/span><\/span>\n    <\/span>\n    <label for=\"glsr_eoif4pag-terms-1\">This review is based on my own experience and is my genuine opinion.<\/label>\n<\/span>\n    <span class=\"glsr-field-error wpcf7-not-valid-tip\"><\/span>\n<\/p>\n            <p data-field=\"submit-button\">\n    <span class=\"wp-block-buttons\">\n        <span class=\"wp-block-button\">\n            <button type=\"submit\" class=\"button glsr-button wpcf7-form-control wpcf7-submit\" aria-busy=\"false\" data-loading=\"Submitting, please wait...\">Submit Review<\/button>\n        <\/span>\n    <\/span>\n<\/p><div class=\"glsr-captcha-holder\"><\/div>\n            <div class=\"glsr-form-message wpcf7-display-none wpcf7-response-output\">\n    \n<\/div>\n        <\/form>\n    <\/div>\n<\/div><\/div><\/div>\n\t\t\t\t<\/div>\n\t\t\t\t<\/div>\n\t\t\t\t\t<\/div>\n\t\t\t\t<\/div>\n\t\t<div class=\"elementor-element elementor-element-da58108 e-flex e-con-boxed e-con e-parent\" data-id=\"da58108\" data-element_type=\"container\" data-e-type=\"container\">\n\t\t\t\t\t<div class=\"e-con-inner\">\n\t\t<div class=\"elementor-element elementor-element-60e25e2 e-con-full e-flex e-con e-child\" data-id=\"60e25e2\" data-element_type=\"container\" data-e-type=\"container\">\n\t\t\t\t<div class=\"elementor-element elementor-element-79dea391 elementor-widget elementor-widget-text-editor\" data-id=\"79dea391\" data-element_type=\"widget\" data-e-type=\"widget\" data-widget_type=\"text-editor.default\">\n\t\t\t\t<div class=\"elementor-widget-container\">\n\t\t\t\t\t\t\t\t\t<div class=\"rHQsDe\"><div class=\"N0c6q JhRJje\"><strong>Ithry Belkhadir<\/strong><\/div><div class=\"N0c6q JhRJje\">\u00a0<\/div><div class=\"PROnRd vq72z\"><span style=\"font-size: 20px;\">Azzdin est un photographe de talent ! Mon mari et moi avons ador\u00e9 notre s\u00e9ance photo avec lui.<\/span><\/div><\/div><div class=\"gyKkFe JhRJje Fv38Af\"><div id=\"ucc-21\" aria-expanded=\"true\"><div tabindex=\"-1\">Il est tr\u00e8s arrangeant, patient et enti\u00e8rement \u00e0 l&rsquo;\u00e9coute. Il nous a donn\u00e9 de pr\u00e9cieux conseils pour nous pr\u00e9parer avant le jour J et a su nous mettre \u00e0 l&rsquo;aise devant l&rsquo;objectif. Le rendu est tout simplement magnifique, les photos sont naturelles et spontan\u00e9es.<br \/>Les meilleurs moments de notre c\u00e9r\u00e9monie ont \u00e9t\u00e9 immortalis\u00e9s \u00e0 la perfection, merci \u00e0 Azzdin de nous avoir offert les souvenirs de cette merveilleuse journ\u00e9e.<br \/>Nous le recommandons fortement et ferons s\u00fbrement de nouveau appel \u00e0 lui pour d\u2019autres \u00e9v\u00e9nements.<\/div><div tabindex=\"-1\">\u00a0<\/div><div tabindex=\"-1\">\u00a0<\/div><div tabindex=\"-1\">\u00a0<\/div><\/div><\/div>\t\t\t\t\t\t\t\t<\/div>\n\t\t\t\t<\/div>\n\t\t\t\t<div class=\"elementor-element elementor-element-5403b33a elementor-widget__width-auto elementor-widget elementor-widget-text-editor\" data-id=\"5403b33a\" data-element_type=\"widget\" data-e-type=\"widget\" data-widget_type=\"text-editor.default\">\n\t\t\t\t<div class=\"elementor-widget-container\">\n\t\t\t\t\t\t\t\t\t<div class=\"rHQsDe\">\n<div>\n<div class=\"N0c6q JhRJje\"><b>Fanny Rochart<\/b><\/div>\n<\/div>\n<\/div>\n<div>&nbsp;<\/div>\n<div class=\"dGCoId gyKkFe vq72z\"><span style=\"font-size: 20px;\">Azzdin a toutes les qualit\u00e9s d&rsquo;un bon photographe : il a un regard sensible, ma\u00eetrise la technique et sait mettre \u00e0 l&rsquo;aise.<\/span><\/div>\n<div class=\"gyKkFe JhRJje Fv38Af\">\n<div id=\"ucc-25\" aria-expanded=\"true\">\n<div tabindex=\"-1\">\n<p>nous sommes ravis de sa prestation et heureux d&rsquo;avoir fait appel \u00e0 ses services pour des photos de famille. Nous avons pass\u00e9 un chouette moment et le rendu est superbe nous recommandons vivement. Merci Azzdin !<\/p>\n<\/div>\n<\/div>\n<\/div>\t\t\t\t\t\t\t\t<\/div>\n\t\t\t\t<\/div>\n\t\t\t\t<div class=\"elementor-element elementor-element-5a539abd elementor-widget elementor-widget-text-editor\" data-id=\"5a539abd\" data-element_type=\"widget\" data-e-type=\"widget\" data-widget_type=\"text-editor.default\">\n\t\t\t\t<div class=\"elementor-widget-container\">\n\t\t\t\t\t\t\t\t\t<div class=\"rHQsDe\">\n<div>\n<div class=\"N0c6q JhRJje\"><b>Quentin Bgz<\/b><\/div>\n<\/div>\n<\/div>\n<div class=\"dGCoId gyKkFe vq72z\">&nbsp;<\/div>\n<div class=\"gyKkFe JhRJje Fv38Af\">\n<div id=\"ucc-28\" aria-expanded=\"true\">\n<div tabindex=\"-1\">J&rsquo;ai eu l&rsquo;opportunit\u00e9 de croiser Azzdin sur mon chemin lors d&rsquo;une rencontre \u00e9v\u00e9nementielle entre mod\u00e8le et photographe . Etant mannequin depuis six ans je suis pass\u00e9 devant multiple objectifs ce fut un plaisir d&rsquo;\u00eatre passer devant l&rsquo;objectif de Azzdin qui \u00e0 su satisfaire mes attentions avec de tr\u00e8s beaux clich\u00e9s mode , tr\u00e8s professionnelle et \u00e0 l&rsquo;\u00e9coute Azzdin et passionn\u00e9 et pleins de rigueur dans son travail . N&rsquo;h\u00e9sitez pas \u00e0 le contacter si vous souhaitez obtenir de jolies clich\u00e9s il vous d\u00e9cevra pas . A bient\u00f4t pour de nouvelles aventures Azzdin . Cordialement .<\/div>\n<\/div>\n<\/div>\t\t\t\t\t\t\t\t<\/div>\n\t\t\t\t<\/div>\n\t\t\t\t<\/div>\n\t\t<div class=\"elementor-element elementor-element-b20689d e-con-full e-flex e-con e-child\" data-id=\"b20689d\" data-element_type=\"container\" data-e-type=\"container\">\n\t\t\t\t<div class=\"elementor-element elementor-element-6eb81498 elementor-widget elementor-widget-text-editor\" data-id=\"6eb81498\" data-element_type=\"widget\" data-e-type=\"widget\" data-widget_type=\"text-editor.default\">\n\t\t\t\t<div class=\"elementor-widget-container\">\n\t\t\t\t\t\t\t\t\t<div class=\"rHQsDe\">\n<div>\n<div class=\"N0c6q JhRJje\"><b>Elise Verdi\u00e8re<\/b><\/div>\n<\/div>\n<\/div>\n<div class=\"dGCoId gyKkFe vq72z\">&nbsp;<\/div>\n<div class=\"gyKkFe JhRJje Fv38Af\">\n<div id=\"ucc-27\" aria-expanded=\"true\">\n<div tabindex=\"-1\">Azzdin nous a permis de passer un moment id\u00e9al en amoureux ! Nous \u00e9tions stress\u00e9s en d\u00e9but de s\u00e9ance photo. Azzdine nous a mis \u00e0 l&rsquo;aise par la suite. Les clich\u00e9s qu&rsquo;il a pris nous repr\u00e9sentent vraiment! Nous retenterons l&rsquo;exp\u00e9rience au printemps pour avoir des photos qui nous ressemblent encore plus! Merci infiniment \u00e0 toi !<\/div>\n<\/div>\n<\/div>\t\t\t\t\t\t\t\t<\/div>\n\t\t\t\t<\/div>\n\t\t\t\t<div class=\"elementor-element elementor-element-4c911d3d elementor-widget elementor-widget-text-editor\" data-id=\"4c911d3d\" data-element_type=\"widget\" data-e-type=\"widget\" data-widget_type=\"text-editor.default\">\n\t\t\t\t<div class=\"elementor-widget-container\">\n\t\t\t\t\t\t\t\t\t<div class=\"rHQsDe\">\n<div class=\"N0c6q JhRJje\"><b>Laura Mottin Wille<\/b><\/div>\n<div class=\"PROnRd vq72z\">&nbsp;<\/div>\n<\/div>\n<div class=\"gyKkFe JhRJje Fv38Af\">Un super shooting Grossesse en ext\u00e9rieur avec Azzdin pour de jolis souvenirs de ce moment si important pour notre famille. Merci \u00e0 toi pour ces photos qui nous ressemblent<\/div>\t\t\t\t\t\t\t\t<\/div>\n\t\t\t\t<\/div>\n\t\t\t\t<div class=\"elementor-element elementor-element-7f93511d elementor-widget elementor-widget-text-editor\" data-id=\"7f93511d\" data-element_type=\"widget\" data-e-type=\"widget\" data-widget_type=\"text-editor.default\">\n\t\t\t\t<div class=\"elementor-widget-container\">\n\t\t\t\t\t\t\t\t\t<div class=\"rHQsDe\">\n<p><b>Celine Linke<\/b><\/p>\n<div class=\"PROnRd vq72z\">&nbsp;<\/div>\n<\/div>\n<div class=\"gyKkFe JhRJje Fv38Af\">Superbe shooting personne tr\u00e8s professionnel et sait mettre \u00e0 l\u2019aise pour les d\u00e9butants!<br>Superbe exp\u00e9rience<\/div>\t\t\t\t\t\t\t\t<\/div>\n\t\t\t\t<\/div>\n\t\t\t\t<div class=\"elementor-element elementor-element-472b7a18 elementor-widget elementor-widget-text-editor\" data-id=\"472b7a18\" data-element_type=\"widget\" data-e-type=\"widget\" data-widget_type=\"text-editor.default\">\n\t\t\t\t<div class=\"elementor-widget-container\">\n\t\t\t\t\t\t\t\t\t<div class=\"rHQsDe\">\n<div>\n<div class=\"N0c6q JhRJje\"><b>Lucile Binet<\/b><\/div>\n<div class=\"PROnRd vq72z\">&nbsp;<\/div>\n<\/div>\n<\/div>\n<div class=\"gyKkFe JhRJje Fv38Af\">Superbe formation avec les logiciels PS et LR qui m&rsquo;ont permis de pouvoir \u00e9voluer. Formation adapt\u00e9e \u00e0 nos besoin celon notre sp\u00e9cialit\u00e9. Azzdin prend le temps de nous transmettre son savoir.<\/div>\t\t\t\t\t\t\t\t<\/div>\n\t\t\t\t<\/div>\n\t\t\t\t<div class=\"elementor-element elementor-element-31dff981 elementor-widget elementor-widget-text-editor\" data-id=\"31dff981\" data-element_type=\"widget\" data-e-type=\"widget\" data-widget_type=\"text-editor.default\">\n\t\t\t\t<div class=\"elementor-widget-container\">\n\t\t\t\t\t\t\t\t\t<div class=\"rHQsDe\">\n<div>\n<div class=\"N0c6q JhRJje\"><b>Adeline Dvlrd<\/b><\/div>\n<div class=\"PROnRd vq72z\">&nbsp;<\/div>\n<\/div>\n<\/div>\n<div class=\"gyKkFe JhRJje Fv38Af\">S\u00e9ance couple au top ! Un vrai cr\u00e9ateur de souvenirs qui a su nous plonger dans une bulle d\u2019amour\u2026 Resulat tendre et raffin\u00e9 ! Merci \u00e0 toi, on se revoit vite pour le mariage hihihi !<\/div>\t\t\t\t\t\t\t\t<\/div>\n\t\t\t\t<\/div>\n\t\t\t\t<div class=\"elementor-element elementor-element-4158008 elementor-widget elementor-widget-text-editor\" data-id=\"4158008\" data-element_type=\"widget\" data-e-type=\"widget\" data-widget_type=\"text-editor.default\">\n\t\t\t\t<div class=\"elementor-widget-container\">\n\t\t\t\t\t\t\t\t\t<div class=\"rHQsDe\">\n<div>\n<div class=\"N0c6q JhRJje\"><b>Marie L<\/b><\/div>\n<\/div>\n<\/div>\n<div class=\"dGCoId gyKkFe vq72z\">&nbsp;<\/div>\n<div class=\"gyKkFe JhRJje Fv38Af\">\n<div id=\"ucc-24\" aria-expanded=\"true\">\n<div tabindex=\"-1\">\n<p>Azzdin est un photographe \u00e0 l&rsquo;\u00e9coute et serviable. Il a assur\u00e9 la prestation de notre petit mariage familial dans la joie et la bonne humeur.<\/p>\n<\/div>\n<\/div>\n<\/div>\t\t\t\t\t\t\t\t<\/div>\n\t\t\t\t<\/div>\n\t\t\t\t<div class=\"elementor-element elementor-element-d0a467 elementor-widget elementor-widget-text-editor\" data-id=\"d0a467\" data-element_type=\"widget\" data-e-type=\"widget\" data-widget_type=\"text-editor.default\">\n\t\t\t\t<div class=\"elementor-widget-container\">\n\t\t\t\t\t\t\t\t\t<div class=\"rHQsDe\">\n<div>\n<div class=\"N0c6q JhRJje\"><b>Thomas De Korte<\/b><\/div>\n<\/div>\n<\/div>\n<div class=\"dGCoId gyKkFe vq72z\">&nbsp;<\/div>\n<div class=\"gyKkFe JhRJje Fv38Af\">Personne tr\u00e8s investi dans ce m\u00e9tier, accueillante et professionnelle, nous avons pass\u00e9 un tr\u00e8s bon moment, avec un r\u00e9sultat magnifique, je recommande fortement !<\/div>\t\t\t\t\t\t\t\t<\/div>\n\t\t\t\t<\/div>\n\t\t\t\t<\/div>\n\t\t<div class=\"elementor-element elementor-element-c440766 e-con-full e-flex e-con e-child\" data-id=\"c440766\" data-element_type=\"container\" data-e-type=\"container\">\n\t\t\t\t<div class=\"elementor-element elementor-element-dca260e elementor-widget elementor-widget-text-editor\" data-id=\"dca260e\" data-element_type=\"widget\" data-e-type=\"widget\" data-widget_type=\"text-editor.default\">\n\t\t\t\t<div class=\"elementor-widget-container\">\n\t\t\t\t\t\t\t\t\t<div class=\"rHQsDe\">\n<div>\n<div class=\"N0c6q JhRJje\"><b>Ruch Emilie<\/b><\/div>\n<\/div>\n<\/div>\n<div class=\"dGCoId gyKkFe vq72z\"><\/div>\n<div class=\"gyKkFe JhRJje Fv38Af\">\n<div id=\"ucc-22\" aria-expanded=\"true\">\n<div tabindex=\"-1\">Encore une tr\u00e8s belle exp\u00e9rience avec Azzdin, toujours autant patient gentil et surtout talentueux !!<br>\n1000 merci pour ces doux moments captur\u00e9s \ud83e\udef6\ud83c\udffb le r\u00e9sultat est incroyable !<br>\nQuel talent ! Nous sommes ravis<p><\/p>\n<\/div><\/div><\/div>\t\t\t\t\t\t\t\t<\/div>\n\t\t\t\t<\/div>\n\t\t\t\t<div class=\"elementor-element elementor-element-36086b26 elementor-widget elementor-widget-text-editor\" data-id=\"36086b26\" data-element_type=\"widget\" data-e-type=\"widget\" data-widget_type=\"text-editor.default\">\n\t\t\t\t<div class=\"elementor-widget-container\">\n\t\t\t\t\t\t\t\t\t<div class=\"rHQsDe\">\n<div>\n<div class=\"N0c6q JhRJje\"><b>Sandra Sandra<\/b><\/div>\n<\/div>\n<\/div>\n<div class=\"dGCoId gyKkFe vq72z\">&nbsp;<\/div>\n<div class=\"gyKkFe JhRJje Fv38Af\">Super photographe ! Azzdin capture les \u00e9motions afin de rendre vos photos vivantes. Le r\u00e9sultat est de grande qualit\u00e9 !<\/div>\t\t\t\t\t\t\t\t<\/div>\n\t\t\t\t<\/div>\n\t\t\t\t<div class=\"elementor-element elementor-element-17cb5414 elementor-widget elementor-widget-text-editor\" data-id=\"17cb5414\" data-element_type=\"widget\" data-e-type=\"widget\" data-widget_type=\"text-editor.default\">\n\t\t\t\t<div class=\"elementor-widget-container\">\n\t\t\t\t\t\t\t\t\t<div class=\"rHQsDe\"><div><div class=\"N0c6q JhRJje\"><b>Cyril du Cluzeau<\/b><\/div><\/div><\/div><div class=\"dGCoId gyKkFe vq72z\">\u00a0<\/div><p>J&rsquo;ai eu la chance de faire une formation sur Photoshop avec Azzdin ; sa comp\u00e9tence impeccable, sa patience et sa compr\u00e9hension rapide de mes besoins ont \u00e9t\u00e9 d\u00e9terminants. C&rsquo;est une personne honn\u00eate, consciencieuse et sympathique ce qui facilite \u00e9norm\u00e9ment les \u00e9changes.<\/p>\t\t\t\t\t\t\t\t<\/div>\n\t\t\t\t<\/div>\n\t\t\t\t<div class=\"elementor-element elementor-element-18b994e6 elementor-widget elementor-widget-text-editor\" data-id=\"18b994e6\" data-element_type=\"widget\" data-e-type=\"widget\" data-widget_type=\"text-editor.default\">\n\t\t\t\t<div class=\"elementor-widget-container\">\n\t\t\t\t\t\t\t\t\t<div class=\"rHQsDe\">\n<div>\n<div class=\"N0c6q JhRJje\"><b>htio Tiiko<\/b><\/div>\n<\/div>\n<\/div>\n<div class=\"dGCoId gyKkFe vq72z\">&nbsp;<\/div>\n<div class=\"gyKkFe JhRJje Fv38Af\">\n<div id=\"ucc-26\" aria-expanded=\"true\">\n<div tabindex=\"-1\">\n<p>Une personne formidable ! Des photos magnifiques ! Nous avons passer un agr\u00e9able moment \u00e0 tes c\u00f4t\u00e9s<\/p>\n<p>A tr\u00e8s bient\u00f4t !<\/p>\n<\/div>\n<\/div>\n<\/div>\t\t\t\t\t\t\t\t<\/div>\n\t\t\t\t<\/div>\n\t\t\t\t<div class=\"elementor-element elementor-element-7c76704e elementor-widget elementor-widget-text-editor\" data-id=\"7c76704e\" data-element_type=\"widget\" data-e-type=\"widget\" data-widget_type=\"text-editor.default\">\n\t\t\t\t<div class=\"elementor-widget-container\">\n\t\t\t\t\t\t\t\t\t<div class=\"rHQsDe\"><b>Marion et Guillaume<\/b><\/div>\n<div class=\"dGCoId gyKkFe vq72z\">&nbsp;<\/div>\n<div class=\"gyKkFe JhRJje Fv38Af\">\n<div id=\"ucc-29\" aria-expanded=\"true\">\n<div tabindex=\"-1\">Une tr\u00e8s belle exp\u00e9rience pour nous !! C\u2019\u00e9tait une premi\u00e8re pour Marion et moi et il faut dire que tu nous as vite mis \u00e0 l\u2019aise. On garde un tr\u00e8s bon souvenir de cette s\u00e9ance photo. Merci pour tes conseils, ton professionnalisme, ton \u00e9coute et ta bonne humeur. Le r\u00e9sultat des photos est super. On a pu rester nous-m\u00eame et \u00e7a se ressent sur chaque clich\u00e9. Au plaisir de retravailler avec toi \ud83d\ude09<br>Marion et Guillaume \u00bb<\/div>\n<\/div>\n<\/div>\t\t\t\t\t\t\t\t<\/div>\n\t\t\t\t<\/div>\n\t\t\t\t<\/div>\n\t\t\t\t\t<\/div>\n\t\t\t\t<\/div>\n\t\t\t\t<\/div>\n\t\t","protected":false},"excerpt":{"rendered":"<p>T\u00e9moignages Votre avis Votre avis Votre nom Votre e-mail Cette note est fond\u00e9e sur ma propre exp\u00e9rience et mon v\u00e9ritable [&hellip;]<\/p>\n","protected":false},"author":2,"featured_media":2132,"parent":0,"menu_order":0,"comment_status":"closed","ping_status":"closed","template":"","meta":{"site-sidebar-layout":"no-sidebar","site-content-layout":"","ast-site-content-layout":"full-width-container","site-content-style":"default","site-sidebar-style":"default","ast-global-header-display":"","ast-banner-title-visibility":"","ast-main-header-display":"","ast-hfb-above-header-display":"","ast-hfb-below-header-display":"","ast-hfb-mobile-header-display":"","site-post-title":"disabled","ast-breadcrumbs-content":"","ast-featured-img":"disabled","footer-sml-layout":"","ast-disable-related-posts":"","theme-transparent-header-meta":"","adv-header-id-meta":"","stick-header-meta":"","header-above-stick-meta":"","header-main-stick-meta":"","header-below-stick-meta":"","astra-migrate-meta-layouts":"default","ast-page-background-enabled":"default","ast-page-background-meta":{"desktop":{"background-color":"var(--ast-global-color-4)","background-image":"","background-repeat":"repeat","background-position":"center center","background-size":"auto","background-attachment":"scroll","background-type":"","background-media":"","overlay-type":"","overlay-color":"","overlay-opacity":"","overlay-gradient":""},"tablet":{"background-color":"","background-image":"","background-repeat":"repeat","background-position":"center center","background-size":"auto","background-attachment":"scroll","background-type":"","background-media":"","overlay-type":"","overlay-color":"","overlay-opacity":"","overlay-gradient":""},"mobile":{"background-color":"","background-image":"","background-repeat":"repeat","background-position":"center center","background-size":"auto","background-attachment":"scroll","background-type":"","background-media":"","overlay-type":"","overlay-color":"","overlay-opacity":"","overlay-gradient":""}},"ast-content-background-meta":{"desktop":{"background-color":"var(--ast-global-color-5)","background-image":"","background-repeat":"repeat","background-position":"center center","background-size":"auto","background-attachment":"scroll","background-type":"","background-media":"","overlay-type":"","overlay-color":"","overlay-opacity":"","overlay-gradient":""},"tablet":{"background-color":"var(--ast-global-color-5)","background-image":"","background-repeat":"repeat","background-position":"center center","background-size":"auto","background-attachment":"scroll","background-type":"","background-media":"","overlay-type":"","overlay-color":"","overlay-opacity":"","overlay-gradient":""},"mobile":{"background-color":"var(--ast-global-color-5)","background-image":"","background-repeat":"repeat","background-position":"center center","background-size":"auto","background-attachment":"scroll","background-type":"","background-media":"","overlay-type":"","overlay-color":"","overlay-opacity":"","overlay-gradient":""}},"_glsr_average":0,"_glsr_ranking":0,"_glsr_reviews":13,"footnotes":""},"class_list":["post-2417","page","type-page","status-publish","has-post-thumbnail","hentry"],"_links":{"self":[{"href":"https:\/\/azzdincuvelier.com\/en\/wp-json\/wp\/v2\/pages\/2417","targetHints":{"allow":["GET"]}}],"collection":[{"href":"https:\/\/azzdincuvelier.com\/en\/wp-json\/wp\/v2\/pages"}],"about":[{"href":"https:\/\/azzdincuvelier.com\/en\/wp-json\/wp\/v2\/types\/page"}],"author":[{"embeddable":true,"href":"https:\/\/azzdincuvelier.com\/en\/wp-json\/wp\/v2\/users\/2"}],"replies":[{"embeddable":true,"href":"https:\/\/azzdincuvelier.com\/en\/wp-json\/wp\/v2\/comments?post=2417"}],"version-history":[{"count":58,"href":"https:\/\/azzdincuvelier.com\/en\/wp-json\/wp\/v2\/pages\/2417\/revisions"}],"predecessor-version":[{"id":3618,"href":"https:\/\/azzdincuvelier.com\/en\/wp-json\/wp\/v2\/pages\/2417\/revisions\/3618"}],"wp:featuredmedia":[{"embeddable":true,"href":"https:\/\/azzdincuvelier.com\/en\/wp-json\/wp\/v2\/media\/2132"}],"wp:attachment":[{"href":"https:\/\/azzdincuvelier.com\/en\/wp-json\/wp\/v2\/media?parent=2417"}],"curies":[{"name":"wp","href":"https:\/\/api.w.org\/{rel}","templated":true}]}}