{"id":553,"date":"2024-02-26T20:42:32","date_gmt":"2024-02-26T19:42:32","guid":{"rendered":"https:\/\/azzdincuvelier.com\/?page_id=553"},"modified":"2024-07-19T13:52:02","modified_gmt":"2024-07-19T11:52:02","slug":"engagemen","status":"publish","type":"page","link":"https:\/\/azzdincuvelier.com\/en\/engagemen\/","title":{"rendered":"Photos d&rsquo;engagement"},"content":{"rendered":"<div data-elementor-type=\"wp-page\" data-elementor-id=\"553\" class=\"elementor elementor-553\">\n\t\t\t\t<div class=\"elementor-element elementor-element-91dea93 e-flex e-con-boxed e-con e-parent\" data-id=\"91dea93\" data-element_type=\"container\" data-e-type=\"container\">\n\t\t\t\t\t<div class=\"e-con-inner\">\n\t\t\t\t<div class=\"elementor-element elementor-element-85e4c46 elementor-widget elementor-widget-heading\" data-id=\"85e4c46\" data-element_type=\"widget\" data-e-type=\"widget\" data-widget_type=\"heading.default\">\n\t\t\t\t<div class=\"elementor-widget-container\">\n\t\t\t\t\t<h2 class=\"elementor-heading-title elementor-size-default\">Engagement <\/h2>\t\t\t\t<\/div>\n\t\t\t\t<\/div>\n\t\t\t\t\t<\/div>\n\t\t\t\t<\/div>\n\t\t<div class=\"elementor-element elementor-element-293f67e e-flex e-con-boxed e-con e-parent\" data-id=\"293f67e\" data-element_type=\"container\" data-e-type=\"container\">\n\t\t\t\t\t<div class=\"e-con-inner\">\n\t\t\t\t<div class=\"elementor-element elementor-element-2bb3872 elementor-widget elementor-widget-ucaddon_uc_tiles_columns_image\" data-id=\"2bb3872\" data-element_type=\"widget\" data-e-type=\"widget\" data-widget_type=\"ucaddon_uc_tiles_columns_image.default\">\n\t\t\t\t<div class=\"elementor-widget-container\">\n\t\t\t\t\t\n<!-- start Masonry Gallery -->\n\t\t<link id='unitegallery-css' href='https:\/\/azzdincuvelier.com\/wp-content\/plugins\/unlimited-elements-for-elementor-premium\/assets_libraries\/unitegallery\/css\/unite-gallery.css' type='text\/css' rel='stylesheet' >\n\t\t<link id='uc_ac_assets_file_uc_columns_unite_gallery_css_37416-css' href='https:\/\/azzdincuvelier.com\/wp-content\/uploads\/ac_assets\/uc_tiles_columns_image\/uc-columns-unite-gallery.css' type='text\/css' rel='stylesheet' >\n\n<style>\/* widget: Masonry Gallery *\/\n\n\n#wrapperuc_uc_tiles_columns_image_elementor_2bb3872\n{\n  min-height:1px;\n}\n\n<\/style>\n\n<div id=\"wrapperuc_uc_tiles_columns_image_elementor_2bb3872\">\n<div id=\"uc_uc_tiles_columns_image_elementor_2bb3872\" style=\"display:none;\" class=\"uc-items-wrapper\" data-custom-sethtml=\"true\" >\n\n\n<img decoding=\"async\" alt=\"Photographe de mariage  Lille\"\n   src=\"https:\/\/azzdincuvelier.com\/wp-content\/uploads\/2024\/02\/AZZDINCUVELIER.COM-3-5-768x512.webp\"\n    data-image=\"https:\/\/azzdincuvelier.com\/wp-content\/uploads\/2024\/02\/AZZDINCUVELIER.COM-3-5-1024x682.webp\"\n    data-title=\"Photographe de mariage  Lille\"\n    data-description=\"Photographie de Azzdin, Cuvelier, photographe de mariage professionnel\">\n\n<img decoding=\"async\" alt=\"Photographe de mariage  Lille\"\n   src=\"https:\/\/azzdincuvelier.com\/wp-content\/uploads\/2024\/02\/AZZDINCUVELIER.COM-79-2-768x1151.webp\"\n    data-image=\"https:\/\/azzdincuvelier.com\/wp-content\/uploads\/2024\/02\/AZZDINCUVELIER.COM-79-2-683x1024.webp\"\n    data-title=\"Photographe de mariage  Lille\"\n    data-description=\"Photographie de Azzdin, Cuvelier, photographe de mariage professionnel\">\n\n<img decoding=\"async\" alt=\"Photographe de mariage  Lille\"\n   src=\"https:\/\/azzdincuvelier.com\/wp-content\/uploads\/2024\/02\/AZZDINCUVELIER.COM-22_resultat-6-768x512.webp\"\n    data-image=\"https:\/\/azzdincuvelier.com\/wp-content\/uploads\/2024\/02\/AZZDINCUVELIER.COM-22_resultat-6-1024x683.webp\"\n    data-title=\"Photographe de mariage  Lille\"\n    data-description=\"Photographie de Azzdin, Cuvelier, photographe de mariage professionnel\">\n\n<img decoding=\"async\" alt=\"Photographe de mariage  Lille\"\n   src=\"https:\/\/azzdincuvelier.com\/wp-content\/uploads\/2024\/02\/AZZDINCUVELIER.COM-15-768x1152.webp\"\n    data-image=\"https:\/\/azzdincuvelier.com\/wp-content\/uploads\/2024\/02\/AZZDINCUVELIER.COM-15-682x1024.webp\"\n    data-title=\"Photographe de mariage  Lille\"\n    data-description=\"Photographie de Azzdin, Cuvelier, photographe de mariage professionnel\">\n\n<img decoding=\"async\" alt=\"Photographe de mariage  Lille\"\n   src=\"https:\/\/azzdincuvelier.com\/wp-content\/uploads\/2024\/02\/AZZDINCUVELIER.COM-17-2-768x512.webp\"\n    data-image=\"https:\/\/azzdincuvelier.com\/wp-content\/uploads\/2024\/02\/AZZDINCUVELIER.COM-17-2-1024x683.webp\"\n    data-title=\"Photographe de mariage  Lille\"\n    data-description=\"Photographie de Azzdin, Cuvelier, photographe de mariage professionnel\">\n\n<img decoding=\"async\" alt=\"Photographe de mariage  Lille\"\n   src=\"https:\/\/azzdincuvelier.com\/wp-content\/uploads\/2024\/02\/AZZDINCUVELIER.COM-20-2-768x1152.webp\"\n    data-image=\"https:\/\/azzdincuvelier.com\/wp-content\/uploads\/2024\/02\/AZZDINCUVELIER.COM-20-2-683x1024.webp\"\n    data-title=\"Photographe de mariage  Lille\"\n    data-description=\"Photographie de Azzdin, Cuvelier, photographe de mariage professionnel\">\n\n<img decoding=\"async\" alt=\"Photographe de mariage  Lille\"\n   src=\"https:\/\/azzdincuvelier.com\/wp-content\/uploads\/2024\/02\/AZZDINCUVELIER.COM-19-6-768x1152.webp\"\n    data-image=\"https:\/\/azzdincuvelier.com\/wp-content\/uploads\/2024\/02\/AZZDINCUVELIER.COM-19-6-682x1024.webp\"\n    data-title=\"Photographe de mariage  Lille\"\n    data-description=\"Photographie de Azzdin, Cuvelier, photographe de mariage professionnel\">\n\n<img decoding=\"async\" alt=\"Photographe de mariage  Lille\"\n   src=\"https:\/\/azzdincuvelier.com\/wp-content\/uploads\/2024\/02\/AZZDINCUVELIER.COM-24_resultat-6-768x512.webp\"\n    data-image=\"https:\/\/azzdincuvelier.com\/wp-content\/uploads\/2024\/02\/AZZDINCUVELIER.COM-24_resultat-6-1024x682.webp\"\n    data-title=\"Photographe de mariage  Lille\"\n    data-description=\"Photographie de Azzdin, Cuvelier, photographe de mariage professionnel\">\n\n<img decoding=\"async\" alt=\"Photographe de mariage  Lille\"\n   src=\"https:\/\/azzdincuvelier.com\/wp-content\/uploads\/2024\/02\/AZZDINCUVELIER.COM-2-5-768x1152.webp\"\n    data-image=\"https:\/\/azzdincuvelier.com\/wp-content\/uploads\/2024\/02\/AZZDINCUVELIER.COM-2-5-682x1024.webp\"\n    data-title=\"Photographe de mariage  Lille\"\n    data-description=\"Photographie de Azzdin, Cuvelier, photographe de mariage professionnel\">\n\n<img decoding=\"async\" alt=\"Photographe de mariage  Lille\"\n   src=\"https:\/\/azzdincuvelier.com\/wp-content\/uploads\/2024\/02\/AZZDINCUVELIER.COM-30-3-768x512.webp\"\n    data-image=\"https:\/\/azzdincuvelier.com\/wp-content\/uploads\/2024\/02\/AZZDINCUVELIER.COM-30-3-1024x682.webp\"\n    data-title=\"Photographe de mariage  Lille\"\n    data-description=\"Photographie de Azzdin, Cuvelier, photographe de mariage professionnel\">\n\n<img decoding=\"async\" alt=\"Photographe de mariage  Lille\"\n   src=\"https:\/\/azzdincuvelier.com\/wp-content\/uploads\/2024\/02\/AZZDINCUVELIER.COM-30_resultat-5-768x512.webp\"\n    data-image=\"https:\/\/azzdincuvelier.com\/wp-content\/uploads\/2024\/02\/AZZDINCUVELIER.COM-30_resultat-5-1024x683.webp\"\n    data-title=\"Photographe de mariage  Lille\"\n    data-description=\"Photographie de Azzdin, Cuvelier, photographe de mariage professionnel\">\n\n<img decoding=\"async\" alt=\"Photographe de mariage  Lille\"\n   src=\"https:\/\/azzdincuvelier.com\/wp-content\/uploads\/2024\/02\/AZZDINCUVELIER.COM-15-2-768x1152.webp\"\n    data-image=\"https:\/\/azzdincuvelier.com\/wp-content\/uploads\/2024\/02\/AZZDINCUVELIER.COM-15-2-683x1024.webp\"\n    data-title=\"Photographe de mariage  Lille\"\n    data-description=\"Photographie de Azzdin, Cuvelier, photographe de mariage professionnel\">\n\n<img decoding=\"async\" alt=\"Photographe de mariage  Lille\"\n   src=\"https:\/\/azzdincuvelier.com\/wp-content\/uploads\/2024\/02\/AZZDINCUVELIER.COM-18_resultat-6-768x1151.webp\"\n    data-image=\"https:\/\/azzdincuvelier.com\/wp-content\/uploads\/2024\/02\/AZZDINCUVELIER.COM-18_resultat-6-683x1024.webp\"\n    data-title=\"Photographe de mariage  Lille\"\n    data-description=\"Photographie de Azzdin, Cuvelier, photographe de mariage professionnel\">\n\n  \n<\/div>\n<\/div>\n<!-- end Masonry Gallery -->\t\t\t\t<\/div>\n\t\t\t\t<\/div>\n\t\t\t\t\t<\/div>\n\t\t\t\t<\/div>\n\t\t<div class=\"elementor-element elementor-element-0b68445 e-flex e-con-boxed e-con e-parent\" data-id=\"0b68445\" data-element_type=\"container\" data-e-type=\"container\">\n\t\t\t\t\t<div class=\"e-con-inner\">\n\t\t\t\t<div class=\"elementor-element elementor-element-4d1d8f4 elementor-widget elementor-widget-heading\" data-id=\"4d1d8f4\" data-element_type=\"widget\" data-e-type=\"widget\" data-widget_type=\"heading.default\">\n\t\t\t\t<div class=\"elementor-widget-container\">\n\t\t\t\t\t<h2 class=\"elementor-heading-title elementor-size-default\">Captivated by my captures? Call on me to enhance your event.<\/h2>\t\t\t\t<\/div>\n\t\t\t\t<\/div>\n\t\t\t\t\t<\/div>\n\t\t\t\t<\/div>\n\t\t<div class=\"elementor-element elementor-element-3e54a67 e-flex e-con-boxed e-con e-parent\" data-id=\"3e54a67\" data-element_type=\"container\" data-e-type=\"container\">\n\t\t\t\t\t<div class=\"e-con-inner\">\n\t\t\t\t<div class=\"elementor-element elementor-element-8ced9a0 elementor-align-center elementor-widget elementor-widget-button\" data-id=\"8ced9a0\" data-element_type=\"widget\" data-e-type=\"widget\" data-widget_type=\"button.default\">\n\t\t\t\t<div class=\"elementor-widget-container\">\n\t\t\t\t\t\t\t\t\t<div class=\"elementor-button-wrapper\">\n\t\t\t\t\t<a class=\"elementor-button elementor-button-link elementor-size-sm\" href=\"https:\/\/azzdincuvelier.com\/en\/reservation\/\">\n\t\t\t\t\t\t<span class=\"elementor-button-content-wrapper\">\n\t\t\t\t\t\t<span class=\"elementor-button-icon\">\n\t\t\t\t<svg aria-hidden=\"true\" class=\"e-font-icon-svg e-fas-camera\" viewbox=\"0 0 512 512\" xmlns=\"http:\/\/www.w3.org\/2000\/svg\"><path d=\"M512 144v288c0 26.5-21.5 48-48 48H48c-26.5 0-48-21.5-48-48V144c0-26.5 21.5-48 48-48h88l12.3-32.9c7-18.7 24.9-31.1 44.9-31.1h125.5c20 0 37.9 12.4 44.9 31.1L376 96h88c26.5 0 48 21.5 48 48zM376 288c0-66.2-53.8-120-120-120s-120 53.8-120 120 53.8 120 120 120 120-53.8 120-120zm-32 0c0 48.5-39.5 88-88 88s-88-39.5-88-88 39.5-88 88-88 88 39.5 88 88z\"><\/path><\/svg>\t\t\t<\/span>\n\t\t\t\t\t\t\t\t\t<span class=\"elementor-button-text\">Booking <\/span>\n\t\t\t\t\t<\/span>\n\t\t\t\t\t<\/a>\n\t\t\t\t<\/div>\n\t\t\t\t\t\t\t\t<\/div>\n\t\t\t\t<\/div>\n\t\t\t\t\t<\/div>\n\t\t\t\t<\/div>\n\t\t\t\t<\/div>","protected":false},"excerpt":{"rendered":"<p>Engagement S\u00e9duit par mes captures ? Faites appel \u00e0 moi pour sublimer votre \u00e9v\u00e9nement R\u00e9servation<\/p>","protected":false},"author":1,"featured_media":392,"parent":0,"menu_order":0,"comment_status":"closed","ping_status":"closed","template":"","meta":{"site-sidebar-layout":"no-sidebar","site-content-layout":"","ast-site-content-layout":"full-width-container","site-content-style":"default","site-sidebar-style":"default","ast-global-header-display":"","ast-banner-title-visibility":"","ast-main-header-display":"","ast-hfb-above-header-display":"","ast-hfb-below-header-display":"","ast-hfb-mobile-header-display":"","site-post-title":"disabled","ast-breadcrumbs-content":"","ast-featured-img":"disabled","footer-sml-layout":"","ast-disable-related-posts":"","theme-transparent-header-meta":"","adv-header-id-meta":"","stick-header-meta":"","header-above-stick-meta":"","header-main-stick-meta":"","header-below-stick-meta":"","astra-migrate-meta-layouts":"default","ast-page-background-enabled":"default","ast-page-background-meta":{"desktop":{"background-color":"var(--ast-global-color-4)","background-image":"","background-repeat":"repeat","background-position":"center center","background-size":"auto","background-attachment":"scroll","background-type":"","background-media":"","overlay-type":"","overlay-color":"","overlay-opacity":"","overlay-gradient":""},"tablet":{"background-color":"","background-image":"","background-repeat":"repeat","background-position":"center center","background-size":"auto","background-attachment":"scroll","background-type":"","background-media":"","overlay-type":"","overlay-color":"","overlay-opacity":"","overlay-gradient":""},"mobile":{"background-color":"","background-image":"","background-repeat":"repeat","background-position":"center center","background-size":"auto","background-attachment":"scroll","background-type":"","background-media":"","overlay-type":"","overlay-color":"","overlay-opacity":"","overlay-gradient":""}},"ast-content-background-meta":{"desktop":{"background-color":"var(--ast-global-color-5)","background-image":"","background-repeat":"repeat","background-position":"center center","background-size":"auto","background-attachment":"scroll","background-type":"","background-media":"","overlay-type":"","overlay-color":"","overlay-opacity":"","overlay-gradient":""},"tablet":{"background-color":"var(--ast-global-color-5)","background-image":"","background-repeat":"repeat","background-position":"center center","background-size":"auto","background-attachment":"scroll","background-type":"","background-media":"","overlay-type":"","overlay-color":"","overlay-opacity":"","overlay-gradient":""},"mobile":{"background-color":"var(--ast-global-color-5)","background-image":"","background-repeat":"repeat","background-position":"center center","background-size":"auto","background-attachment":"scroll","background-type":"","background-media":"","overlay-type":"","overlay-color":"","overlay-opacity":"","overlay-gradient":""}},"_glsr_average":0,"_glsr_ranking":0,"_glsr_reviews":0,"footnotes":""},"class_list":["post-553","page","type-page","status-publish","has-post-thumbnail","hentry"],"_links":{"self":[{"href":"https:\/\/azzdincuvelier.com\/en\/wp-json\/wp\/v2\/pages\/553","targetHints":{"allow":["GET"]}}],"collection":[{"href":"https:\/\/azzdincuvelier.com\/en\/wp-json\/wp\/v2\/pages"}],"about":[{"href":"https:\/\/azzdincuvelier.com\/en\/wp-json\/wp\/v2\/types\/page"}],"author":[{"embeddable":true,"href":"https:\/\/azzdincuvelier.com\/en\/wp-json\/wp\/v2\/users\/1"}],"replies":[{"embeddable":true,"href":"https:\/\/azzdincuvelier.com\/en\/wp-json\/wp\/v2\/comments?post=553"}],"version-history":[{"count":69,"href":"https:\/\/azzdincuvelier.com\/en\/wp-json\/wp\/v2\/pages\/553\/revisions"}],"predecessor-version":[{"id":2216,"href":"https:\/\/azzdincuvelier.com\/en\/wp-json\/wp\/v2\/pages\/553\/revisions\/2216"}],"wp:featuredmedia":[{"embeddable":true,"href":"https:\/\/azzdincuvelier.com\/en\/wp-json\/wp\/v2\/media\/392"}],"wp:attachment":[{"href":"https:\/\/azzdincuvelier.com\/en\/wp-json\/wp\/v2\/media?parent=553"}],"curies":[{"name":"wp","href":"https:\/\/api.w.org\/{rel}","templated":true}]}}