{"id":561,"date":"2024-02-26T20:49:37","date_gmt":"2024-02-26T19:49:37","guid":{"rendered":"https:\/\/azzdincuvelier.com\/?page_id=561"},"modified":"2025-03-03T15:57:21","modified_gmt":"2025-03-03T14:57:21","slug":"reservation","status":"publish","type":"page","link":"https:\/\/azzdincuvelier.com\/en\/reservation\/","title":{"rendered":"Booking"},"content":{"rendered":"<div data-elementor-type=\"wp-page\" data-elementor-id=\"561\" class=\"elementor elementor-561\">\n\t\t\t\t<div class=\"elementor-element elementor-element-4dfb6b1 e-flex e-con-boxed e-con e-parent\" data-id=\"4dfb6b1\" data-element_type=\"container\" data-e-type=\"container\">\n\t\t\t\t\t<div class=\"e-con-inner\">\n\t\t\t\t<div class=\"elementor-element elementor-element-1167842 elementor-widget elementor-widget-heading\" data-id=\"1167842\" data-element_type=\"widget\" data-e-type=\"widget\" data-widget_type=\"heading.default\">\n\t\t\t\t<div class=\"elementor-widget-container\">\n\t\t\t\t\t<h2 class=\"elementor-heading-title elementor-size-default\">Book my services for your event.<\/h2>\t\t\t\t<\/div>\n\t\t\t\t<\/div>\n\t\t\t\t<div class=\"elementor-element elementor-element-260e79a elementor-widget elementor-widget-text-editor\" data-id=\"260e79a\" data-element_type=\"widget\" data-e-type=\"widget\" data-widget_type=\"text-editor.default\">\n\t\t\t\t<div class=\"elementor-widget-container\">\n\t\t\t\t\t\t\t\t\t<p><em>\u00a0 \u00a0 \u00a0 \u00a0 \u00a0 \u00a0 \u00a0 \u00a0 \u00a0 \u00a0 \u00a0 \u00a0 \u00a0 \u00a0 For a prompt and tailored response, please fill out the form. Every detail matters for impeccable service.<\/em><\/p>\t\t\t\t\t\t\t\t<\/div>\n\t\t\t\t<\/div>\n\t\t\t\t\t<\/div>\n\t\t\t\t<\/div>\n\t\t<div class=\"elementor-element elementor-element-04f9e85 e-flex e-con-boxed e-con e-parent\" data-id=\"04f9e85\" data-element_type=\"container\" data-e-type=\"container\">\n\t\t\t\t\t<div class=\"e-con-inner\">\n\t\t<div class=\"elementor-element elementor-element-c81a7ed e-con-full e-flex e-con e-child\" data-id=\"c81a7ed\" data-element_type=\"container\" data-e-type=\"container\">\n\t\t\t\t<div class=\"elementor-element elementor-element-8001422 elementor-widget elementor-widget-ucaddon_ue_random_image\" data-id=\"8001422\" data-element_type=\"widget\" data-e-type=\"widget\" data-widget_type=\"ucaddon_ue_random_image.default\">\n\t\t\t\t<div class=\"elementor-widget-container\">\n\t\t\t\t\t\n<!-- start Random Image -->\n<style>\/* widget: Random Image *\/\n\n#uc_ue_random_image_elementor_8001422{\n  display:flex;\n}\n\n#uc_ue_random_image_elementor_8001422 .ue-image-item{\n  display:block;\n  transition:0.3s;\n  width:100%;\n}\n\n#uc_ue_random_image_elementor_8001422 .ue-image-link,\n#uc_ue_random_image_elementor_8001422 .ue-title-link{\n  display:block;\n  color: unset;\n}\n\n<\/style>\n\n<div id=\"uc_ue_random_image_elementor_8001422\" class=\"ue-random-image\" data-debug=\"false\" data-editor=\"no\">\n  <div class=\"ue-image\">\n\n\t<div class=\"ue-image-box uc-items-wrapper\">\n      \n      <img decoding=\"async\" class=\"ue-image-item\" src=\"\">\n      \n      \t<\/div> \n    \n  <\/div>\n<\/div>\n<!-- end Random Image -->\t\t\t\t<\/div>\n\t\t\t\t<\/div>\n\t\t\t\t<\/div>\n\t\t<div class=\"elementor-element elementor-element-c09d331 e-con-full e-flex e-con e-child\" data-id=\"c09d331\" data-element_type=\"container\" data-e-type=\"container\">\n\t\t\t\t<div class=\"elementor-element elementor-element-6de8d69 elementor-widget elementor-widget-ucaddon_contact_form_7\" data-id=\"6de8d69\" data-element_type=\"widget\" data-e-type=\"widget\" data-widget_type=\"ucaddon_contact_form_7.default\">\n\t\t\t\t<div class=\"elementor-widget-container\">\n\t\t\t\t\t\n<!-- start Contact Form 7 -->\n<style>\/* widget: Contact Form 7 *\/\n\n#uc_contact_form_7_elementor_6de8d69 {\n  display: flex;  \n  flex-direction: column;\n}\n#uc_contact_form_7_elementor_6de8d69 .wpcf7-list-item {\n    margin: 0 0 0 8px;\n}\n\n#uc_contact_form_7_elementor_6de8d69 .wpcf7-form p:has(.wpcf7-submit){\n  display:flex;\n  flex-wrap: wrap;\n}\n\n#uc_contact_form_7_elementor_6de8d69 .ue_contact_form_7 label{\n  display: block;\n}\n\n#uc_contact_form_7_elementor_6de8d69 .wpcf7-checkbox, #uc_contact_form_7_elementor_6de8d69 .wpcf7-radio{\n  display:flex;\n  flex-wrap: wrap;\n}\n\n#uc_contact_form_7_elementor_6de8d69 .wpcf7-form-control-wrap{\n  display:flex;\n  width:100%;\n  flex-wrap: wrap;\n}\n\n\n\n\n#uc_contact_form_7_elementor_6de8d69 .wpcf7-acceptance .wpcf7-list-item-label{\n  display: flex;\n  align-items: center;\n}\n#uc_contact_form_7_elementor_6de8d69 .wpcf7-acceptance input{\n  position: absolute;\n  opacity: 0;\n}\n#uc_contact_form_7_elementor_6de8d69 .wpcf7-acceptance input + .wpcf7-list-item-label{\n  position: relative;\n  cursor: pointer;\n  padding: 0;\n}\n#uc_contact_form_7_elementor_6de8d69 .wpcf7-acceptance input + .wpcf7-list-item-label:before{\n  flex-shrink: 0;\n  content: \"\";\n  display: inline-block;\n  vertical-align: text-top;\n  transition-duration: 300ms;\n}\n\n#uc_contact_form_7_elementor_6de8d69 .wpcf7-acceptance input:checked + .wpcf7-list-item-label:after {\n  flex-shrink: 0;\n  content: \"\";\n  position: absolute;\n  width:2px;\n  height:2px;\n  background: #ffffff;\n  box-shadow: 2px 0 0 #ffffff, 4px 0 0 #ffffff, 4px -2px 0 #ffffff, 4px -4px 0 #ffffff, 4px -6px 0 #ffffff, 4px -8px 0 #ffffff;\n  transform: rotate(45deg);\n}\n\n.ue_contact_form_7 p > label{\n  line-height: inherit;\n}\n\n<\/style>\n\n<div id=\"uc_contact_form_7_elementor_6de8d69\" class=\"ue_contact_form_7\">\n  <div class=\"ue_form_wrapper\">\n            \n    \n<div class=\"wpcf7 no-js\" id=\"wpcf7-f15-o1\" lang=\"fr-FR\" dir=\"ltr\" data-wpcf7-id=\"15\">\n<div class=\"screen-reader-response\"><p role=\"status\" aria-live=\"polite\" aria-atomic=\"true\"><\/p> <ul><\/ul><\/div>\n<form action=\"\/en\/wp-json\/wp\/v2\/pages\/561#wpcf7-f15-o1\" method=\"post\" class=\"wpcf7-form init\" aria-label=\"Formulaire de contact\" novalidate=\"novalidate\" data-status=\"init\" data-trp-original-action=\"\/en\/wp-json\/wp\/v2\/pages\/561#wpcf7-f15-o1\">\n<fieldset class=\"hidden-fields-container\"><input type=\"hidden\" name=\"_wpcf7\" value=\"15\" \/><input type=\"hidden\" name=\"_wpcf7_version\" value=\"6.1.5\" \/><input type=\"hidden\" name=\"_wpcf7_locale\" value=\"fr_FR\" \/><input type=\"hidden\" name=\"_wpcf7_unit_tag\" value=\"wpcf7-f15-o1\" \/><input type=\"hidden\" name=\"_wpcf7_container_post\" value=\"0\" \/><input type=\"hidden\" name=\"_wpcf7_posted_data_hash\" value=\"\" \/><input type=\"hidden\" name=\"_wpcf7_recaptcha_response\" value=\"\" \/>\n<\/fieldset>\n<p><label> Your name and surname<br \/>\n<span class=\"wpcf7-form-control-wrap\" data-name=\"Nometprnom\"><input size=\"40\" maxlength=\"400\" class=\"wpcf7-form-control wpcf7-text wpcf7-validates-as-required\" aria-required=\"true\" aria-invalid=\"false\" value=\"\" type=\"text\" name=\"Nometprnom\" \/><\/span> <\/label><label><br \/>\n<\/label><label> Your email address<br \/>\n<span class=\"wpcf7-form-control-wrap\" data-name=\"email-512\"><input size=\"40\" maxlength=\"400\" class=\"wpcf7-form-control wpcf7-email wpcf7-validates-as-required wpcf7-text wpcf7-validates-as-email\" aria-required=\"true\" aria-invalid=\"false\" value=\"\" type=\"email\" name=\"email-512\" \/><\/span> <\/label><label><br \/>\n<\/label><label> Phone number<br \/>\n<span class=\"wpcf7-form-control-wrap\" data-name=\"tel-949\"><input size=\"40\" maxlength=\"400\" class=\"wpcf7-form-control wpcf7-tel wpcf7-validates-as-required wpcf7-text wpcf7-validates-as-tel\" aria-required=\"true\" aria-invalid=\"false\" value=\"\" type=\"tel\" name=\"tel-949\" \/><\/span> <\/label><label><br \/>\n<\/label><label> The date of your event<br \/>\n<span class=\"wpcf7-form-control-wrap\" data-name=\"Datedelvnement\"><input class=\"wpcf7-form-control wpcf7-date wpcf7-validates-as-required wpcf7-validates-as-date\" aria-required=\"true\" aria-invalid=\"false\" value=\"\" type=\"date\" name=\"Datedelvnement\" \/><\/span> <\/label><label><br \/>\n<\/label><label> The location of the event<br \/>\n<span class=\"wpcf7-form-control-wrap\" data-name=\"Lieudelvnement\"><input size=\"40\" maxlength=\"400\" class=\"wpcf7-form-control wpcf7-text wpcf7-validates-as-required\" aria-required=\"true\" aria-invalid=\"false\" value=\"\" type=\"text\" name=\"Lieudelvnement\" \/><\/span> <\/label><label><br \/>\n<\/label><label> Budget for the photographer envisioned<br \/>\n<span class=\"wpcf7-form-control-wrap\" data-name=\"Budget\"><input size=\"40\" maxlength=\"400\" class=\"wpcf7-form-control wpcf7-text wpcf7-validates-as-required\" aria-required=\"true\" aria-invalid=\"false\" value=\"\" type=\"text\" name=\"Budget\" \/><\/span> <\/label><label><br \/>\n<\/label><label> Tell me more about your wedding (venues, specific organization...)<br \/>\n<span class=\"wpcf7-form-control-wrap\" data-name=\"Informationssurlemariage\"><textarea cols=\"40\" rows=\"10\" maxlength=\"2000\" class=\"wpcf7-form-control wpcf7-textarea\" aria-invalid=\"false\" name=\"Informationssurlemariage\"><\/textarea><\/span> <\/label><label><br \/>\n<span class=\"wpcf7-form-control-wrap\" data-name=\"acceptance-744\"><span class=\"wpcf7-form-control wpcf7-acceptance optional\"><span class=\"wpcf7-list-item\"><label><input type=\"checkbox\" name=\"acceptance-744\" value=\"1\" aria-invalid=\"false\" \/><span class=\"wpcf7-list-item-label\">J'accepte que mes donn\u00e9es personnelles soit trait\u00e9 par Azzdin Cuvelier<\/span><\/label><\/span><\/span><\/span><br \/>\n<input class=\"wpcf7-form-control wpcf7-submit has-spinner\" type=\"submit\" value=\"Send\" \/><\/label>\n<\/p><div class=\"wpcf7-response-output\" aria-hidden=\"true\"><\/div>\n<input type=\"hidden\" name=\"trp-form-language\" value=\"en\"\/><\/form>\n<\/div>\n    \n  <\/div>\n<\/div>\n<!-- end Contact Form 7 -->\t\t\t\t<\/div>\n\t\t\t\t<\/div>\n\t\t\t\t<\/div>\n\t\t\t\t\t<\/div>\n\t\t\t\t<\/div>\n\t\t\t\t<\/div>","protected":false},"excerpt":{"rendered":"<p>R\u00e9server mes services pour votre \u00e9v\u00e8nement \u00a0 \u00a0 \u00a0 \u00a0 \u00a0 \u00a0 \u00a0 \u00a0 \u00a0 \u00a0 \u00a0 \u00a0 \u00a0 \u00a0 [&hellip;]<\/p>\n","protected":false},"author":1,"featured_media":539,"parent":0,"menu_order":0,"comment_status":"closed","ping_status":"closed","template":"","meta":{"site-sidebar-layout":"no-sidebar","site-content-layout":"","ast-site-content-layout":"full-width-container","site-content-style":"default","site-sidebar-style":"default","ast-global-header-display":"","ast-banner-title-visibility":"","ast-main-header-display":"","ast-hfb-above-header-display":"","ast-hfb-below-header-display":"","ast-hfb-mobile-header-display":"","site-post-title":"disabled","ast-breadcrumbs-content":"","ast-featured-img":"disabled","footer-sml-layout":"","ast-disable-related-posts":"","theme-transparent-header-meta":"","adv-header-id-meta":"","stick-header-meta":"","header-above-stick-meta":"","header-main-stick-meta":"","header-below-stick-meta":"","astra-migrate-meta-layouts":"default","ast-page-background-enabled":"default","ast-page-background-meta":{"desktop":{"background-color":"var(--ast-global-color-4)","background-image":"","background-repeat":"repeat","background-position":"center center","background-size":"auto","background-attachment":"scroll","background-type":"","background-media":"","overlay-type":"","overlay-color":"","overlay-opacity":"","overlay-gradient":""},"tablet":{"background-color":"","background-image":"","background-repeat":"repeat","background-position":"center center","background-size":"auto","background-attachment":"scroll","background-type":"","background-media":"","overlay-type":"","overlay-color":"","overlay-opacity":"","overlay-gradient":""},"mobile":{"background-color":"","background-image":"","background-repeat":"repeat","background-position":"center center","background-size":"auto","background-attachment":"scroll","background-type":"","background-media":"","overlay-type":"","overlay-color":"","overlay-opacity":"","overlay-gradient":""}},"ast-content-background-meta":{"desktop":{"background-color":"var(--ast-global-color-5)","background-image":"","background-repeat":"repeat","background-position":"center center","background-size":"auto","background-attachment":"scroll","background-type":"","background-media":"","overlay-type":"","overlay-color":"","overlay-opacity":"","overlay-gradient":""},"tablet":{"background-color":"var(--ast-global-color-5)","background-image":"","background-repeat":"repeat","background-position":"center center","background-size":"auto","background-attachment":"scroll","background-type":"","background-media":"","overlay-type":"","overlay-color":"","overlay-opacity":"","overlay-gradient":""},"mobile":{"background-color":"var(--ast-global-color-5)","background-image":"","background-repeat":"repeat","background-position":"center center","background-size":"auto","background-attachment":"scroll","background-type":"","background-media":"","overlay-type":"","overlay-color":"","overlay-opacity":"","overlay-gradient":""}},"_glsr_average":0,"_glsr_ranking":0,"_glsr_reviews":0,"footnotes":""},"class_list":["post-561","page","type-page","status-publish","has-post-thumbnail","hentry"],"_links":{"self":[{"href":"https:\/\/azzdincuvelier.com\/en\/wp-json\/wp\/v2\/pages\/561","targetHints":{"allow":["GET"]}}],"collection":[{"href":"https:\/\/azzdincuvelier.com\/en\/wp-json\/wp\/v2\/pages"}],"about":[{"href":"https:\/\/azzdincuvelier.com\/en\/wp-json\/wp\/v2\/types\/page"}],"author":[{"embeddable":true,"href":"https:\/\/azzdincuvelier.com\/en\/wp-json\/wp\/v2\/users\/1"}],"replies":[{"embeddable":true,"href":"https:\/\/azzdincuvelier.com\/en\/wp-json\/wp\/v2\/comments?post=561"}],"version-history":[{"count":43,"href":"https:\/\/azzdincuvelier.com\/en\/wp-json\/wp\/v2\/pages\/561\/revisions"}],"predecessor-version":[{"id":2054,"href":"https:\/\/azzdincuvelier.com\/en\/wp-json\/wp\/v2\/pages\/561\/revisions\/2054"}],"wp:featuredmedia":[{"embeddable":true,"href":"https:\/\/azzdincuvelier.com\/en\/wp-json\/wp\/v2\/media\/539"}],"wp:attachment":[{"href":"https:\/\/azzdincuvelier.com\/en\/wp-json\/wp\/v2\/media?parent=561"}],"curies":[{"name":"wp","href":"https:\/\/api.w.org\/{rel}","templated":true}]}}